{"id":14277,"date":"2023-07-04T16:41:12","date_gmt":"2023-07-04T14:41:12","guid":{"rendered":"http:\/\/www.kisfutar.hu\/?page_id=14277"},"modified":"2026-03-20T10:17:54","modified_gmt":"2026-03-20T09:17:54","slug":"korabbi-lapszamok","status":"publish","type":"page","link":"https:\/\/www.kisfutar.hu\/?page_id=14277","title":{"rendered":"Kor\u00e1bbi lapsz\u00e1mok"},"content":{"rendered":"\n<p class=\"has-large-font-size\"><strong>2026. XXXIII. \u00e9vfolyam<\/strong><\/p>\n\n\n<p class=\"has-medium-font-size\"><a href=\"http:\/\/www.kisfutar.hu\/ujsag\/KF_2026_01.pdf\" target=\"_blank\" rel=\"noreferrer noopener\">1. sz\u00e1m<\/a><\/p>\n<p class=\"has-medium-font-size\"><a href=\"http:\/\/www.kisfutar.hu\/ujsag\/KF_2026_02.pdf\" target=\"_blank\" rel=\"noreferrer noopener\">2. sz\u00e1m<\/a><\/p>\n<p class=\"has-medium-font-size\"><a href=\"http:\/\/www.kisfutar.hu\/ujsag\/KF_2026_03.pdf\" target=\"_blank\" rel=\"noreferrer noopener\">3. sz\u00e1m<\/a><\/p>\n\n\n<p class=\"has-large-font-size\"><strong>2025. XXXII. \u00e9vfolyam<\/strong><\/p>\n\n\n<p class=\"has-medium-font-size\"><a href=\"http:\/\/www.kisfutar.hu\/ujsag\/KF_2025_11.pdf\" target=\"_blank\" rel=\"noreferrer noopener\">11. sz\u00e1m<\/a><\/p>\n<p class=\"has-medium-font-size\"><a href=\"http:\/\/www.kisfutar.hu\/ujsag\/KF_2025_10.pdf\" target=\"_blank\" rel=\"noreferrer noopener\">10. sz\u00e1m<\/a><\/p>\n<p class=\"has-medium-font-size\"><a href=\"http:\/\/www.kisfutar.hu\/ujsag\/KF_2025_9.pdf\" target=\"_blank\" rel=\"noreferrer noopener\">9. sz\u00e1m<\/a><\/p>\n<p class=\"has-medium-font-size\"><a href=\"http:\/\/www.kisfutar.hu\/ujsag\/KF_2025_8.pdf\" target=\"_blank\" rel=\"noreferrer noopener\">8. sz\u00e1m<\/a><\/p>\n<p class=\"has-medium-font-size\"><a href=\"http:\/\/www.kisfutar.hu\/ujsag\/KF_2025_7.pdf\" target=\"_blank\" rel=\"noreferrer noopener\">7. sz\u00e1m<\/a><\/p>\n<p class=\"has-medium-font-size\"><a href=\"http:\/\/www.kisfutar.hu\/ujsag\/KF_2025_6.pdf\" target=\"_blank\" rel=\"noreferrer noopener\">6. sz\u00e1m<\/a><\/p>\n<p class=\"has-medium-font-size\"><a href=\"http:\/\/www.kisfutar.hu\/ujsag\/KF_2025_5.pdf\" target=\"_blank\" rel=\"noreferrer noopener\">5. sz\u00e1m<\/a><\/p>\n<p class=\"has-medium-font-size\"><a href=\"http:\/\/www.kisfutar.hu\/ujsag\/KF_2025_4.pdf\" target=\"_blank\" rel=\"noreferrer noopener\">4. sz\u00e1m<\/a><\/p>\n<p class=\"has-medium-font-size\"><a href=\"http:\/\/www.kisfutar.hu\/ujsag\/KF_2025_3.pdf\" target=\"_blank\" rel=\"noreferrer noopener\">3. sz\u00e1m<\/a><\/p>\n<p class=\"has-medium-font-size\"><a href=\"http:\/\/www.kisfutar.hu\/ujsag\/KF_2025_2.pdf\" target=\"_blank\" rel=\"noreferrer noopener\">2. sz\u00e1m<\/a><\/p>\n<p class=\"has-medium-font-size\"><a href=\"http:\/\/www.kisfutar.hu\/ujsag\/KF_2025_1.pdf\" target=\"_blank\" rel=\"noreferrer noopener\">1. sz\u00e1m<\/a><\/p>\n<p><!-- \/wp:post-content --><\/p>\n<p><!-- wp:paragraph {\"fontSize\":\"large\"} --><\/p>\n<p class=\"has-medium-font-size\">\u00a0<\/p>\n<p><!-- \/wp:paragraph --><\/p>\n<p><!-- wp:paragraph {\"fontSize\":\"large\"} --><\/p>\n<p><!-- \/wp:paragraph --><\/p>\n<p><!-- wp:paragraph --><\/p>\n<p><!-- \/wp:paragraph --><\/p>","protected":false},"excerpt":{"rendered":"<p>2026. XXXIII. \u00e9vfolyam 1. sz\u00e1m 2. sz\u00e1m 3. sz\u00e1m 2025. XXXII. \u00e9vfolyam 11. sz\u00e1m 10. sz\u00e1m 9. sz\u00e1m 8. sz\u00e1m 7. sz\u00e1m 6. sz\u00e1m 5&#8230;.<\/p>\n","protected":false},"author":1,"featured_media":0,"parent":0,"menu_order":0,"comment_status":"closed","ping_status":"closed","template":"","meta":{"footnotes":""},"class_list":["post-14277","page","type-page","status-publish","hentry"],"_links":{"self":[{"href":"https:\/\/www.kisfutar.hu\/index.php?rest_route=\/wp\/v2\/pages\/14277","targetHints":{"allow":["GET"]}}],"collection":[{"href":"https:\/\/www.kisfutar.hu\/index.php?rest_route=\/wp\/v2\/pages"}],"about":[{"href":"https:\/\/www.kisfutar.hu\/index.php?rest_route=\/wp\/v2\/types\/page"}],"author":[{"embeddable":true,"href":"https:\/\/www.kisfutar.hu\/index.php?rest_route=\/wp\/v2\/users\/1"}],"replies":[{"embeddable":true,"href":"https:\/\/www.kisfutar.hu\/index.php?rest_route=%2Fwp%2Fv2%2Fcomments&post=14277"}],"version-history":[{"count":45,"href":"https:\/\/www.kisfutar.hu\/index.php?rest_route=\/wp\/v2\/pages\/14277\/revisions"}],"predecessor-version":[{"id":14414,"href":"https:\/\/www.kisfutar.hu\/index.php?rest_route=\/wp\/v2\/pages\/14277\/revisions\/14414"}],"wp:attachment":[{"href":"https:\/\/www.kisfutar.hu\/index.php?rest_route=%2Fwp%2Fv2%2Fmedia&parent=14277"}],"curies":[{"name":"wp","href":"https:\/\/api.w.org\/{rel}","templated":true}]}}