{"id":575,"date":"2012-06-06T21:42:40","date_gmt":"2012-06-06T19:42:40","guid":{"rendered":"http:\/\/www.kisfutar.hu\/?page_id=575"},"modified":"2015-05-04T21:21:23","modified_gmt":"2015-05-04T19:21:23","slug":"impresszum","status":"publish","type":"page","link":"https:\/\/www.kisfutar.hu\/?page_id=575","title":{"rendered":"Impresszum"},"content":{"rendered":"<h2><a href=\"http:\/\/www.kisfutar.hu\/wp-content\/uploads\/2012\/05\/kisfutarfejlec.jpg\"><img decoding=\"async\" class=\"size-full wp-image-67 aligncenter\" title=\"kisfutarfejlec\" src=\"http:\/\/www.kisfutar.hu\/wp-content\/uploads\/2012\/05\/kisfutarfejlec.jpg\" alt=\"\" width=\"600\" \/><\/a><\/h2>\n<p>&nbsp;<\/p>\n<h1 style=\"text-align: center;\"><span style=\"color: #ff0000;\">kisFUT\u00c1R Rekl\u00e1m\u00fajs\u00e1g<\/span><\/h1>\n<h2 style=\"text-align: center;\"><span style=\"color: #0000ff;\">Megjelenik k\u00e9thetente.<\/span><\/h2>\n<h2 style=\"text-align: center;\">Kiad\u00f3: SZINKRON REKL\u00c1MST\u00daDI\u00d3<\/h2>\n<p style=\"text-align: center;\"><strong>T\u00f3tp\u00e1l J\u00e1nosn\u00e9<\/strong><\/p>\n<p style=\"text-align: center;\">3000 Hatvan,N\u00e1dasdy T. \u00fat 12<\/p>\n<p style=\"text-align: center;\">Telefon: 37\/347-024 Fax: 37\/341-063<\/p>\n<p style=\"text-align: center;\">email:\u00a0kisfutarhatvan @ gmail.com<\/p>\n<p style=\"text-align: center;\"><a href=\"http:\/\/www.kisfutar.hu\/wp-content\/uploads\/2012\/05\/felelosseg1.jpg\"><img loading=\"lazy\" decoding=\"async\" class=\"alignnone size-full wp-image-347\" title=\"felelosseg\" src=\"http:\/\/www.kisfutar.hu\/wp-content\/uploads\/2012\/05\/felelosseg1.jpg\" alt=\"\" width=\"300\" height=\"98\" \/><\/a><\/p>\n<h2 style=\"text-align: center;\"><\/h2>\n<h2 style=\"text-align: center;\"><\/h2>\n","protected":false},"excerpt":{"rendered":"<p>&nbsp; kisFUT\u00c1R Rekl\u00e1m\u00fajs\u00e1g Megjelenik k\u00e9thetente. Kiad\u00f3: SZINKRON REKL\u00c1MST\u00daDI\u00d3 T\u00f3tp\u00e1l J\u00e1nosn\u00e9 3000 Hatvan,N\u00e1dasdy T. \u00fat 12 Telefon: 37\/347-024 Fax: 37\/341-063 email:\u00a0kisfutarhatvan @ gmail.com<\/p>\n","protected":false},"author":1,"featured_media":0,"parent":0,"menu_order":0,"comment_status":"closed","ping_status":"open","template":"","meta":{"footnotes":""},"class_list":["post-575","page","type-page","status-publish","hentry"],"_links":{"self":[{"href":"https:\/\/www.kisfutar.hu\/index.php?rest_route=\/wp\/v2\/pages\/575","targetHints":{"allow":["GET"]}}],"collection":[{"href":"https:\/\/www.kisfutar.hu\/index.php?rest_route=\/wp\/v2\/pages"}],"about":[{"href":"https:\/\/www.kisfutar.hu\/index.php?rest_route=\/wp\/v2\/types\/page"}],"author":[{"embeddable":true,"href":"https:\/\/www.kisfutar.hu\/index.php?rest_route=\/wp\/v2\/users\/1"}],"replies":[{"embeddable":true,"href":"https:\/\/www.kisfutar.hu\/index.php?rest_route=%2Fwp%2Fv2%2Fcomments&post=575"}],"version-history":[{"count":4,"href":"https:\/\/www.kisfutar.hu\/index.php?rest_route=\/wp\/v2\/pages\/575\/revisions"}],"predecessor-version":[{"id":13780,"href":"https:\/\/www.kisfutar.hu\/index.php?rest_route=\/wp\/v2\/pages\/575\/revisions\/13780"}],"wp:attachment":[{"href":"https:\/\/www.kisfutar.hu\/index.php?rest_route=%2Fwp%2Fv2%2Fmedia&parent=575"}],"curies":[{"name":"wp","href":"https:\/\/api.w.org\/{rel}","templated":true}]}}