{"id":579,"date":"2012-06-06T21:33:47","date_gmt":"2012-06-06T19:33:47","guid":{"rendered":"http:\/\/www.kisfutar.hu\/?page_id=579"},"modified":"2020-09-25T08:03:13","modified_gmt":"2020-09-25T06:03:13","slug":"belyegzo-keszites","status":"publish","type":"page","link":"https:\/\/www.kisfutar.hu\/?page_id=579","title":{"rendered":"B\u00c9LYEGZ\u0150 K\u00c9SZ\u00cdT\u00c9S"},"content":{"rendered":"<p><img decoding=\"async\" class=\"size-full wp-image-585 aligncenter\" title=\"pecset\" src=\"http:\/\/www.kisfutar.hu\/wp-content\/uploads\/2012\/06\/pecset.jpg\" alt=\"B\u00e9lyegz\u0151 k\u00e9sz\u00edt\u00e9s\" width=\"450\" \/><\/p>\n<h2 style=\"text-align: center;\">SPECI\u00c1LIS B\u00c9LYEGZ\u0150K<\/h2>\n<h2 style=\"text-align: center;\">B\u00e9lyegz\u0151lemez k\u00e9sz\u00edt\u00e9se f\u00e9mre, f\u00e1ra, m\u0171anyagra, text\u00edli\u00e1ra.<\/h2>\n<h2 style=\"text-align: center;\">Speci\u00e1lis fest\u00e9kek, gyorsan sz\u00e1rad\u00f3, old\u00f3szeres fest\u00e9kek.<\/h2>\n<h2 style=\"text-align: center;\">ZSEBB\u00c9LYEGZ\u0150K (pocket,\u00a0utaz\u00f3 b\u00e9lyegz\u0151) &#8211;\u00a0kis m\u00e9rete miatt kedvelt<\/h2>\n<h2 style=\"text-align: center;\">Aj\u00e1nd\u00e9knak is kit\u0171n\u0151!<\/h2>\n<h3 style=\"text-align: center;\"><span style=\"color: #ff0000;\"><strong>B\u00e9lyegz\u0151 rendel\u00e9s: 37\/347-024 <\/strong><\/span><\/h3>\n<h3 style=\"text-align: center;\"><span style=\"color: #ff0000;\"><strong>e-mail: kisfutarhatvan @ gmail.com<\/strong><\/span><\/h3>\n","protected":false},"excerpt":{"rendered":"<p>SPECI\u00c1LIS B\u00c9LYEGZ\u0150K B\u00e9lyegz\u0151lemez k\u00e9sz\u00edt\u00e9se f\u00e9mre, f\u00e1ra, m\u0171anyagra, text\u00edli\u00e1ra. Speci\u00e1lis fest\u00e9kek, gyorsan sz\u00e1rad\u00f3, old\u00f3szeres fest\u00e9kek. ZSEBB\u00c9LYEGZ\u0150K (pocket,\u00a0utaz\u00f3 b\u00e9lyegz\u0151) &#8211;\u00a0kis m\u00e9rete miatt kedvelt Aj\u00e1nd\u00e9knak is kit\u0171n\u0151! B\u00e9lyegz\u0151&#8230;<\/p>\n","protected":false},"author":1,"featured_media":0,"parent":0,"menu_order":0,"comment_status":"closed","ping_status":"open","template":"","meta":{"footnotes":""},"class_list":["post-579","page","type-page","status-publish","hentry"],"_links":{"self":[{"href":"https:\/\/www.kisfutar.hu\/index.php?rest_route=\/wp\/v2\/pages\/579","targetHints":{"allow":["GET"]}}],"collection":[{"href":"https:\/\/www.kisfutar.hu\/index.php?rest_route=\/wp\/v2\/pages"}],"about":[{"href":"https:\/\/www.kisfutar.hu\/index.php?rest_route=\/wp\/v2\/types\/page"}],"author":[{"embeddable":true,"href":"https:\/\/www.kisfutar.hu\/index.php?rest_route=\/wp\/v2\/users\/1"}],"replies":[{"embeddable":true,"href":"https:\/\/www.kisfutar.hu\/index.php?rest_route=%2Fwp%2Fv2%2Fcomments&post=579"}],"version-history":[{"count":9,"href":"https:\/\/www.kisfutar.hu\/index.php?rest_route=\/wp\/v2\/pages\/579\/revisions"}],"predecessor-version":[{"id":14133,"href":"https:\/\/www.kisfutar.hu\/index.php?rest_route=\/wp\/v2\/pages\/579\/revisions\/14133"}],"wp:attachment":[{"href":"https:\/\/www.kisfutar.hu\/index.php?rest_route=%2Fwp%2Fv2%2Fmedia&parent=579"}],"curies":[{"name":"wp","href":"https:\/\/api.w.org\/{rel}","templated":true}]}}