{"id":593,"date":"2012-06-08T09:38:38","date_gmt":"2012-06-08T07:38:38","guid":{"rendered":"http:\/\/www.kisfutar.hu\/?page_id=593"},"modified":"2012-06-08T09:46:02","modified_gmt":"2012-06-08T07:46:02","slug":"party-kellekek","status":"publish","type":"page","link":"https:\/\/www.kisfutar.hu\/?page_id=593","title":{"rendered":"PARTY KELL\u00c9KEK"},"content":{"rendered":"<h2 style=\"text-align: center;\">PARTY KELL\u00c9KEK AZ \u00d6N\u00d6K K\u00c9NYELM\u00c9\u00c9RT<\/h2>\n<ul>\n<li>m\u0171anyag poharak \u00a02-3-5 dl-es<\/li>\n<li>m\u0171anyag t\u00e1ny\u00e9rok<\/li>\n<li>m\u0171anyag ev\u0151eszk\u00f6z\u00f6k<\/li>\n<\/ul>\n<p><a href=\"http:\/\/www.kisfutar.hu\/wp-content\/uploads\/2012\/06\/party10.jpg\"><img loading=\"lazy\" decoding=\"async\" class=\"size-full wp-image-603 aligncenter\" title=\"party10\" src=\"http:\/\/www.kisfutar.hu\/wp-content\/uploads\/2012\/06\/party10.jpg\" alt=\"\" width=\"266\" height=\"400\" \/><\/a><\/p>\n<ul>\n<li>pap\u00edrt\u00e1lc\u00e1k<\/li>\n<li>tortapap\u00edrok<\/li>\n<li>pap\u00edrszalv\u00e9t\u00e1k<\/li>\n<\/ul>\n<h2 style=\"text-align: center;\">ASZTALI DEKOR\u00c1CI\u00d3K<\/h2>\n<h3 style=\"text-align: center;\">Sz\u00e9p, l\u00e1tv\u00e1nyos hangulatot teremt\u0151, vil\u00e1g\u00edt\u00f3 eszk\u00f6z\u00f6k az asztal d\u00edszei.<\/h3>\n<ul>\n<li>vil\u00e1g\u00edt\u00f3 m\u0171anyag j\u00e9gkocka: csak akkor vil\u00e1g\u00edt, ha folyad\u00e9kban van<\/li>\n<\/ul>\n<p><a href=\"http:\/\/www.kisfutar.hu\/wp-content\/uploads\/2012\/06\/party1.jpg\"><img loading=\"lazy\" decoding=\"async\" class=\"size-full wp-image-596 aligncenter\" title=\"party1\" src=\"http:\/\/www.kisfutar.hu\/wp-content\/uploads\/2012\/06\/party1.jpg\" alt=\"\" width=\"300\" height=\"300\" \/><\/a><\/p>\n<ul>\n<li>v\u00edzalatti dekorf\u00e9nyek<\/li>\n<li>vil\u00e1g\u00edt\u00f3, fluoreszk\u00e1l\u00f3 poharak<\/li>\n<\/ul>\n<p><a href=\"http:\/\/www.kisfutar.hu\/wp-content\/uploads\/2012\/06\/party5.jpg\"><img loading=\"lazy\" decoding=\"async\" class=\"size-full wp-image-597 aligncenter\" title=\"party5\" src=\"http:\/\/www.kisfutar.hu\/wp-content\/uploads\/2012\/06\/party5.jpg\" alt=\"\" width=\"587\" height=\"389\" \/><\/a><\/p>\n<p>&nbsp;<\/p>\n<h3 style=\"text-align: center;\">DEKOR\u00c1CI\u00d3K GYERMEKZS\u00daRRA, SZ\u00dcLET\u00c9SNAPRA<\/h3>\n<ul>\n<li>megh\u00edv\u00f3k<\/li>\n<li>sz\u00ednes feliratos, mesefigur\u00e1s t\u00e1ny\u00e9rok, poharak<\/li>\n<\/ul>\n<p><a href=\"http:\/\/www.kisfutar.hu\/wp-content\/uploads\/2012\/06\/party11.jpg\"><img loading=\"lazy\" decoding=\"async\" class=\"size-full wp-image-604 aligncenter\" title=\"party11\" src=\"http:\/\/www.kisfutar.hu\/wp-content\/uploads\/2012\/06\/party11.jpg\" alt=\"\" width=\"350\" height=\"263\" \/><\/a><\/p>\n<ul>\n<li>torta t\u0171zij\u00e1t\u00e9k<\/li>\n<\/ul>\n<p><a href=\"http:\/\/www.kisfutar.hu\/wp-content\/uploads\/2012\/06\/party7.jpg\"><img loading=\"lazy\" decoding=\"async\" class=\"size-full wp-image-599 aligncenter\" title=\"party7\" src=\"http:\/\/www.kisfutar.hu\/wp-content\/uploads\/2012\/06\/party7.jpg\" alt=\"\" width=\"214\" height=\"417\" \/><\/a><\/p>\n<ul>\n<li>girlandok<\/li>\n<li>sz\u00e1lgyerty\u00e1k, sz\u00e1mgyerty\u00e1k<\/li>\n<li>l\u00e9gg\u00f6mb\u00f6k, f\u00f3lia lufik<\/li>\n<\/ul>\n<p><a href=\"http:\/\/www.kisfutar.hu\/wp-content\/uploads\/2012\/06\/party8.jpg\"><img loading=\"lazy\" decoding=\"async\" class=\"size-full wp-image-598 aligncenter\" title=\"party8\" src=\"http:\/\/www.kisfutar.hu\/wp-content\/uploads\/2012\/06\/party8.jpg\" alt=\"\" width=\"211\" height=\"216\" \/><\/a><\/p>\n<ul>\n<li>party sapk\u00e1k<\/li>\n<\/ul>\n<p><a href=\"http:\/\/www.kisfutar.hu\/wp-content\/uploads\/2012\/06\/party9.jpg\"><img loading=\"lazy\" decoding=\"async\" class=\"size-full wp-image-600 aligncenter\" title=\"party9\" src=\"http:\/\/www.kisfutar.hu\/wp-content\/uploads\/2012\/06\/party9.jpg\" alt=\"\" width=\"600\" height=\"479\" \/><\/a><\/p>\n<h2 style=\"text-align: center;\"><\/h2>\n<h2 style=\"text-align: center;\">DEKOR\u00c1CI\u00d3K ESK\u00dcV\u0150RE<\/h2>\n<ul>\n<li>dekor\u00e1ci\u00f3s lufik<\/li>\n<li>egyedi feliratos szalv\u00e9t\u00e1k<\/li>\n<li>tortadobozok<\/li>\n<li>esk\u00fcv\u0151i megh\u00edv\u00f3k, \u00fcltet\u0151k\u00e1rty\u00e1k<\/li>\n<li>girlandok, krepp pap\u00edr<\/li>\n<li>n\u00e1szaj\u00e1nd\u00e9knak zsebes k\u00e9peslapok<\/li>\n<li>feliratos z\u00e1szl\u00f3k, molin\u00f3k 6 m\u00e9terig<\/li>\n<li>enged\u00e9lyezett szabadt\u00e9ri t\u0171zij\u00e1t\u00e9kok<\/li>\n<\/ul>\n<p><a href=\"http:\/\/www.kisfutar.hu\/wp-content\/uploads\/2012\/06\/kisfutar_deco.jpg\"><img decoding=\"async\" class=\"size-full wp-image-574 aligncenter\" title=\"kisfutar_deco\" src=\"http:\/\/www.kisfutar.hu\/wp-content\/uploads\/2012\/06\/kisfutar_deco.jpg\" alt=\"\" width=\"600\" \/><\/a>k<\/p>\n<p>&nbsp;<\/p>\n","protected":false},"excerpt":{"rendered":"<p>PARTY KELL\u00c9KEK AZ \u00d6N\u00d6K K\u00c9NYELM\u00c9\u00c9RT m\u0171anyag poharak \u00a02-3-5 dl-es m\u0171anyag t\u00e1ny\u00e9rok m\u0171anyag ev\u0151eszk\u00f6z\u00f6k pap\u00edrt\u00e1lc\u00e1k tortapap\u00edrok pap\u00edrszalv\u00e9t\u00e1k ASZTALI DEKOR\u00c1CI\u00d3K Sz\u00e9p, l\u00e1tv\u00e1nyos hangulatot teremt\u0151, vil\u00e1g\u00edt\u00f3 eszk\u00f6z\u00f6k az&#8230;<\/p>\n","protected":false},"author":1,"featured_media":0,"parent":0,"menu_order":0,"comment_status":"closed","ping_status":"open","template":"","meta":{"footnotes":""},"class_list":["post-593","page","type-page","status-publish","hentry"],"_links":{"self":[{"href":"https:\/\/www.kisfutar.hu\/index.php?rest_route=\/wp\/v2\/pages\/593","targetHints":{"allow":["GET"]}}],"collection":[{"href":"https:\/\/www.kisfutar.hu\/index.php?rest_route=\/wp\/v2\/pages"}],"about":[{"href":"https:\/\/www.kisfutar.hu\/index.php?rest_route=\/wp\/v2\/types\/page"}],"author":[{"embeddable":true,"href":"https:\/\/www.kisfutar.hu\/index.php?rest_route=\/wp\/v2\/users\/1"}],"replies":[{"embeddable":true,"href":"https:\/\/www.kisfutar.hu\/index.php?rest_route=%2Fwp%2Fv2%2Fcomments&post=593"}],"version-history":[{"count":4,"href":"https:\/\/www.kisfutar.hu\/index.php?rest_route=\/wp\/v2\/pages\/593\/revisions"}],"predecessor-version":[{"id":602,"href":"https:\/\/www.kisfutar.hu\/index.php?rest_route=\/wp\/v2\/pages\/593\/revisions\/602"}],"wp:attachment":[{"href":"https:\/\/www.kisfutar.hu\/index.php?rest_route=%2Fwp%2Fv2%2Fmedia&parent=593"}],"curies":[{"name":"wp","href":"https:\/\/api.w.org\/{rel}","templated":true}]}}