{"id":9642,"date":"2013-07-20T20:50:58","date_gmt":"2013-07-20T18:50:58","guid":{"rendered":"http:\/\/www.kisfutar.hu\/?page_id=9642"},"modified":"2026-04-23T07:32:05","modified_gmt":"2026-04-23T05:32:05","slug":"a-legfrissebb","status":"publish","type":"page","link":"https:\/\/www.kisfutar.hu\/","title":{"rendered":"A LEGFRISSEBB"},"content":{"rendered":"<div class=\"wp-block-image is-resized\">\n<figure class=\"aligncenter size-large\"><a href=\"http:\/\/www.kisfutar.hu\/wp-content\/uploads\/2021\/07\/terjeszto-copy.jpg\"><img decoding=\"async\" src=\"http:\/\/www.kisfutar.hu\/wp-content\/uploads\/2021\/07\/terjeszto-copy-500x361A.jpg\" alt=\"\" class=\"wp-image-14188\" style=\"width:500px;height:auto\"\/><\/a><\/figure>\n<\/div>\n\n\n<p class=\"has-text-align-center has-large-font-size\"><strong>A k\u00f6vetkez\u0151 megjelen\u00e9s id\u0151pontja: <\/strong><\/p>\n\n\n\n<p class=\"has-text-align-center has-large-font-size\"><strong>2026. <\/strong>m\u00e1jus<\/p>\n\n\n\n<p class=\"has-black-color has-vivid-green-cyan-background-color has-text-color has-background has-medium-font-size\"><strong>KEDVES HIRDET\u0150INK! <\/strong><\/p>\n\n\n\n<p class=\"has-text-align-center has-large-font-size\">AMENNYIBEN HIRDETNI SZERETNE, K\u00c9RJ\u00dcK KERESSEN: <\/p>\n\n\n\n<p class=\"has-text-align-center has-black-color has-vivid-green-cyan-background-color has-text-color has-background has-medium-font-size\"><strong>kisfutarhatvan @ gmail.com<br \/>06-20-9-254-834<\/strong><\/p>\n\n\n\n<p class=\"has-text-align-center has-black-color has-luminous-vivid-orange-background-color has-text-color has-background\"><strong>Szerkeszt\u0151s\u00e9g\u00fcnkben szem\u00e9lyesen is v\u00e1rjuk \u00d6n\u00f6ket<br \/>h\u00e9tk\u00f6znapokon 9-t\u0151l 15 \u00f3r\u00e1ig, <\/strong><br \/><strong>szombaton 9-t\u0151l 12 \u00f3r\u00e1ig!<\/strong><br \/>( 06-20-9-254-834) \u00c9S E-MAILBEN ( kisfutarhatvan @ gmail.com) EL\u00c9RHET\u0150EK VAGYUNK. <\/p>\n\n\n\n<p><\/p>\n\n\n<a href=\"https:\/\/www.kisfutar.hu\/ujsag\/KF_2026_04.pdf\" class=\"pdfemb-viewer\" style=\"\" data-width=\"max\" data-height=\"max\" data-toolbar=\"top\" data-toolbar-fixed=\"off\">KF_2026_04<\/a>\n\n\n\n<h4 class=\"wp-block-heading\"><\/h4>\n","protected":false},"excerpt":{"rendered":"<p>A k\u00f6vetkez\u0151 megjelen\u00e9s id\u0151pontja: 2026. m\u00e1jus KEDVES HIRDET\u0150INK! AMENNYIBEN HIRDETNI SZERETNE, K\u00c9RJ\u00dcK KERESSEN: kisfutarhatvan @ gmail.com06-20-9-254-834 Szerkeszt\u0151s\u00e9g\u00fcnkben szem\u00e9lyesen is v\u00e1rjuk \u00d6n\u00f6keth\u00e9tk\u00f6znapokon 9-t\u0151l 15 \u00f3r\u00e1ig, szombaton&#8230;<\/p>\n","protected":false},"author":1,"featured_media":0,"parent":0,"menu_order":0,"comment_status":"closed","ping_status":"open","template":"","meta":{"footnotes":""},"class_list":["post-9642","page","type-page","status-publish","hentry"],"_links":{"self":[{"href":"https:\/\/www.kisfutar.hu\/index.php?rest_route=\/wp\/v2\/pages\/9642","targetHints":{"allow":["GET"]}}],"collection":[{"href":"https:\/\/www.kisfutar.hu\/index.php?rest_route=\/wp\/v2\/pages"}],"about":[{"href":"https:\/\/www.kisfutar.hu\/index.php?rest_route=\/wp\/v2\/types\/page"}],"author":[{"embeddable":true,"href":"https:\/\/www.kisfutar.hu\/index.php?rest_route=\/wp\/v2\/users\/1"}],"replies":[{"embeddable":true,"href":"https:\/\/www.kisfutar.hu\/index.php?rest_route=%2Fwp%2Fv2%2Fcomments&post=9642"}],"version-history":[{"count":316,"href":"https:\/\/www.kisfutar.hu\/index.php?rest_route=\/wp\/v2\/pages\/9642\/revisions"}],"predecessor-version":[{"id":14417,"href":"https:\/\/www.kisfutar.hu\/index.php?rest_route=\/wp\/v2\/pages\/9642\/revisions\/14417"}],"wp:attachment":[{"href":"https:\/\/www.kisfutar.hu\/index.php?rest_route=%2Fwp%2Fv2%2Fmedia&parent=9642"}],"curies":[{"name":"wp","href":"https:\/\/api.w.org\/{rel}","templated":true}]}}